{"id":1805,"date":"2019-09-11T19:21:25","date_gmt":"2019-09-11T19:21:25","guid":{"rendered":"https:\/\/www.wgrandpetrovac.me\/?page_id=1805"},"modified":"2021-04-26T18:28:49","modified_gmt":"2021-04-26T18:28:49","slug":"glavna","status":"publish","type":"page","link":"https:\/\/www.wgrandpetrovac.me\/sr\/","title":{"rendered":"Glavna"},"content":{"rendered":"<div class=\"wpb-content-wrapper\"><p>[vc_row full_width=&#8220;stretch_row_content_no_spaces&#8220;][vc_column][rev_slider_vc alias=&#8220;crnogorski&#8220;][\/vc_column][\/vc_row][vc_section full_width=&#8220;stretch_row&#8220; css=&#8220;.vc_custom_1492058793914{background-position: 0 0 !important;background-repeat: no-repeat !important;}&#8220;][vc_row full_width=&#8220;stretch_row_content_no_spaces&#8220; css=&#8220;.vc_custom_1492164963798{margin-top: -35px !important;}&#8220;][vc_column offset=&#8220;vc_col-lg-4 vc_col-md-4&#8243; css=&#8220;.vc_custom_1497433854536{padding-top: 80px !important;padding-right: 70px !important;padding-bottom: 95px !important;padding-left: 70px !important;background-position: 0 0 !important;background-repeat: no-repeat !important;}&#8220;][fleurdesel_heading title_size=&#8220;Default&#8220; align=&#8220;center&#8220; title=&#8220;Na\u0161u pri\u010du&#8220; subtitle=&#8220;SAZNAJTE&#8220; css=&#8220;.vc_custom_1568231675742{margin-bottom: 55px !important;}&#8220;][vc_column_text css=&#8220;.vc_custom_1568840638069{margin-bottom: 40px !important;}&#8220;]<\/p>\n<p style=\"text-align: center;\">Sagradiv\u0161i hotel WGrand nastavili smo porodi\u0107nu tradiciju na\u0161ih roditelja koji su se bavili ugostiteljstvom od 70-tih godina pro\u0161log vijeka.<\/p>\n<p style=\"text-align: center;\">Hotel je u porodi\u010dnom vlasni\u0161tvu i kompanija koja je prepoznatljiva kao uspjesan i pouzdan partner sa nizom nagrada i nosilac je niza sertifikata.<\/p>\n<p style=\"text-align: center;\">Ako \u017eelite miran i ugodan odmor u doma\u0107inskoj atmosferi po pristupa\u010dnim cijenama na\u0161ih usluga provedite Va\u0161 odmor u WGrand-u.<\/p>\n<p style=\"text-align: center;\">Bi\u0107e nam zadovoljstvo da vas ugostimo.<\/p>\n<p>[\/vc_column_text][vc_single_image image=&#8220;1496&#8243; img_size=&#8220;full&#8220; alignment=&#8220;center&#8220;][\/vc_column][vc_column offset=&#8220;vc_col-lg-8 vc_col-md-8&#8243; css=&#8220;.vc_custom_1493354487188{padding-top: 80px !important;padding-right: 70px !important;padding-bottom: 100px !important;padding-left: 70px !important;background-color: #f8f8f8 !important;}&#8220;][fleurdesel_heading title_size=&#8220;Default&#8220; align=&#8220;center&#8220; title=&#8220;Rezervi\u0161ite odmor&#8220; subtitle=&#8220;IZABERITE DATUM&#8220; css=&#8220;.vc_custom_1568231280337{margin-bottom: 50px !important;}&#8220;][vc_column_text]<\/p>\n<h3>[dhvc_form id=&#8220;1838&#8243;]<\/h3>\n<p>[\/vc_column_text][\/vc_column][\/vc_row][\/vc_section][vc_row full_width=&#8220;stretch_row_content_no_spaces&#8220;][vc_column][fleurdesel_rooms layout=&#8220;overlay_with_content&#8220; columns=&#8220;3&#8243; per_page=&#8220;3&#8243; orderby=&#8220;title&#8220; order=&#8220;ASC&#8220; el_class=&#8220;fleurdesel-room&#8211;other&#8220;][\/vc_column][\/vc_row][vc_row 0=&#8220;&#8220; full_width=&#8220;stretch_row&#8220; css=&#8220;.vc_custom_1565120936649{margin-top: 75px !important;}&#8220;][vc_column 0=&#8220;&#8220;][vc_row_inner][vc_column_inner][fleurdesel_heading title_size=&#8220;Default&#8220; align=&#8220;center&#8220; title=&#8220;Tokom Va\u0161eg boravka&#8220; subtitle=&#8220;NA\u0160E USLUGE&#8220; css=&#8220;.vc_custom_1568231341720{margin-bottom: 50px !important;}&#8220;][\/vc_column_inner][\/vc_row_inner][vc_row_inner][vc_column_inner el_class=&#8220;fleurdesel-gap-style&#8220;][fleurdesel_iconbox icon_fleurdesel=&#8220;fh fh-wifi&#8220; title=&#8220;Besplatan Wifi&#8220;][fleurdesel_iconbox icon_fleurdesel=&#8220;fh fh-room-service&#8220; title=&#8220;Room services&#8220;][fleurdesel_iconbox icon_fleurdesel=&#8220;fh fh-bar&#8220; title=&#8220;Terasa za odmor&#8220;][fleurdesel_iconbox icon_fleurdesel=&#8220;fh fh-no-pet-allowed&#8220; title=&#8220;Ljubimci nisu dozvoljeni&#8220;][\/vc_column_inner][vc_column_inner el_class=&#8220;fleurdesel-gap-style&#8220;][fleurdesel_iconbox icon_fleurdesel=&#8220;fh fh-heart&#8220; title=&#8220;Wellness&#8220;][fleurdesel_iconbox icon_fleurdesel=&#8220;fh fh-gym&#8220; title=&#8220;Teretana&#8220;][fleurdesel_iconbox icon_fleurdesel=&#8220;fh fh-washing-machine&#8220; title=&#8220;Ve\u0161eraj&#8220;][fleurdesel_iconbox icon_fleurdesel=&#8220;fh fh-sunset-2&#8243; title=&#8220;Pogled na more&#8220;][\/vc_column_inner][vc_column_inner el_class=&#8220;fleurdesel-gap-style&#8220;][fleurdesel_iconbox icon_fleurdesel=&#8220;fh fh-parking&#8220; title=&#8220;Parking&#8220;][fleurdesel_iconbox icon_fleurdesel=&#8220;fh fh-airport-pick-up&#8220; title=&#8220;Transferi sa i do aerodroma&#8220;][fleurdesel_iconbox icon_fleurdesel=&#8220;fh fh-taxi&#8220; title=&#8220;Rent-a-car&#8220;][\/vc_column_inner][\/vc_row_inner][\/vc_column][\/vc_row][vc_row full_width=&#8220;stretch_row_content_no_spaces&#8220; css=&#8220;.vc_custom_1565119716910{margin-top: 75px !important;}&#8220;][vc_column][fleurdesel_heading title_size=&#8220;Default&#8220; align=&#8220;center&#8220; title=&#8220;Sadr\u017eaji&#8220; css=&#8220;.vc_custom_1568231701733{margin-bottom: 150px !important;}&#8220; subtitle=&#8220;U PONUDI SU SLEDE\u0106I&#8220;][\/vc_column][\/vc_row][vc_row full_width=&#8220;stretch_row_content_no_spaces&#8220; css=&#8220;.vc_custom_1565119811501{margin-top: -30px !important;}&#8220;][vc_column width=&#8220;1\/4&#8243; offset=&#8220;vc_col-lg-3 vc_col-md-6&#8243;][fleurdesel_service image=&#8220;1514&#8243; title=&#8220;Restoran&#8220; link=&#8220;https:\/\/www.wgrandpetrovac.me\/sr\/sadrzaji\/&#8220;][\/vc_column][vc_column width=&#8220;1\/4&#8243; offset=&#8220;vc_col-lg-3 vc_col-md-6&#8243;][fleurdesel_service title=&#8220;Lounge Bar&#8220; link=&#8220;https:\/\/www.wgrandpetrovac.me\/sr\/sadrzaji\/&#8220; image=&#8220;1967&#8243;][\/vc_column][vc_column width=&#8220;1\/4&#8243; offset=&#8220;vc_col-lg-3 vc_col-md-6&#8243;][fleurdesel_service title=&#8220;Terasa&#8220; link=&#8220;https:\/\/www.wgrandpetrovac.me\/sr\/sadrzaji\/&#8220; image=&#8220;1515&#8243;][\/vc_column][vc_column width=&#8220;1\/4&#8243; offset=&#8220;vc_col-lg-3 vc_col-md-6&#8243;][fleurdesel_service image=&#8220;1516&#8243; title=&#8220;Konferencijska sala&#8220; link=&#8220;https:\/\/www.wgrandpetrovac.me\/sr\/sadrzaji\/&#8220;][\/vc_column][\/vc_row][vc_row full_width=&#8220;stretch_row_content_no_spaces&#8220; css=&#8220;.vc_custom_1565119716910{margin-top: 75px !important;}&#8220;][vc_column][fleurdesel_heading title_size=&#8220;Default&#8220; align=&#8220;center&#8220; title=&#8220;Specijalni pakete&#8220; css=&#8220;.vc_custom_1568231578124{margin-bottom: 50px !important;}&#8220; subtitle=&#8220;U PONUDI IMAMO&#8220;][fleurdesel_packages layout=&#8220;grid_bg&#8220; columns=&#8220;3&#8243; packages=&#8220;1538, 1541, 1539&#8243;][\/vc_column][\/vc_row][vc_row full_width=&#8220;stretch_row_content_no_spaces&#8220; css=&#8220;.vc_custom_1568657177400{margin-top: -30px !important;margin-bottom: 0px !important;}&#8220;][vc_column offset=&#8220;vc_col-lg-4 vc_col-md-4&#8243; css=&#8220;.vc_custom_1492162169777{padding-top: 150px !important;}&#8220;][vc_raw_html]JTNDZGl2JTIwY2xhc3MlM0QlMjJ0ZXh0LWNlbnRlciUyMiUzRSUwQSUwOSUwOSUwOSUwOSUwOSUwOSUwOSUzQ3AlMjBjbGFzcyUzRCUyMnRleHQtdXBwZXJjYXNlJTIwbGV0dGVyLXNwYWNpbmctMiUyMGZvbnQtNzAwJTIwZnotMTYlMjB0ZXh0LWNvbG9yLTElMjBtYi0wJTIyJTNFSW5mb3JtYWNpamUlM0MlMkZwJTNFJTBBJTA5JTA5JTA5JTA5JTA5JTA5JTA5JTNDaDIlMjBjbGFzcyUzRCUyMmgxJTIwbWItNTAlMjIlM0VLb250YWt0JTNDJTJGaDIlM0UlMEElMDklMDklMDklMDklMDklMDklMDklM0NwJTIwY2xhc3MlM0QlMjJmb250LTUwMCUyMGZ6LTIwJTIyJTNFQnJlemluZSUyMGJiJTJDJTIwUGV0cm92YWMlMjAlMkMlMjBNb250ZW5lZ3JvJTNDJTJGcCUzRSUwQSUwOSUwOSUwOSUwOSUwOSUwOSUwOSUzQ3AlMjBjbGFzcyUzRCUyMmg0JTIwdGV4dC1jb2xvci0xJTIwbWItMjAlMjIlM0UlMEElMDklMDklMDklMDklMDklMDklMDklMDklM0NpJTIwY2xhc3MlM0QlMjJmYSUyMGZhLXBob25lJTIyJTNFJTNDJTJGaSUzRSUwQSUwOSUwOSUwOSUwOSUwOSUwOSUwOSUwOSUzQ3NwYW4lMjBjbGFzcyUzRCUyMmlubGluZS1ibG9jayUyMiUzRSUyQjM4MiUyMDMzJTIwNDYxJTIwNzAzJTIwJTI4MjQlMkY3JTI5JTNDJTJGc3BhbiUzRSUwQSUwOSUwOSUwOSUwOSUwOSUwOSUwOSUzQyUyRnAlM0UlMEElM0NwJTIwY2xhc3MlM0QlMjJoNCUyMHRleHQtY29sb3ItMSUyMG1iLTIwJTIyJTNFJTBBJTA5JTA5JTA5JTA5JTA5JTA5JTA5JTA5JTNDaSUyMGNsYXNzJTNEJTIyZmElMjBmYS1waG9uZSUyMiUzRSUzQyUyRmklM0UlMEElMDklMDklMDklMDklMDklMDklMDklMDklM0NzcGFuJTIwY2xhc3MlM0QlMjJpbmxpbmUtYmxvY2slMjIlM0UlMkIzODIlMjA2OSUyMDA2OSUyMDU2OSUzQyUyRnNwYW4lM0UlMEElMDklMDklMDklMDklMDklMDklMDklM0MlMkZwJTNFJTBBJTA5JTA5JTA5JTA5JTA5JTA5JTA5JTNDcCUyMGNsYXNzJTNEJTIyZm9udC01MDAlMjBmei0yMCUyMG1iLTAlMjIlM0UlM0NhJTIwaHJlZiUzRCUyMm1haWx0byUzQXdncmFuZCU0MHQtY29tLm1lJTIyJTIwdGFyZ2V0JTNEJTIyYmxhbmslMjIlMjBjbGFzcyUzRCUyMnRleHQtYmxhY2slMjIlM0V3Z3JhbmQlNDB0LWNvbS5tZSUzQyUyRmElM0UlM0MlMkZwJTNFJTBBJTA5JTA5JTA5JTA5JTA5JTA5JTNDJTJGZGl2JTNF[\/vc_raw_html][\/vc_column][vc_column offset=&#8220;vc_col-lg-8 vc_col-md-8&#8243;][vc_column_text]<iframe loading=\"lazy\" style=\"border: 0;\" src=\"https:\/\/www.google.com\/maps\/embed?pb=!1m18!1m12!1m3!1d2955.3990355917886!2d18.944796315689192!3d42.205915452814196!2m3!1f0!2f0!3f0!3m2!1i1024!2i768!4f13.1!3m3!1m2!1s0x134dd62c56e8f7d3%3A0xeb484e43f18653b7!2sHotel+WGrand!5e0!3m2!1sen!2s!4v1565115407029!5m2!1sen!2s\" width=\"100%\" height=\"550px\" frameborder=\"0\" allowfullscreen=\"allowfullscreen\" data-mce-fragment=\"1\"><\/iframe>[\/vc_column_text][\/vc_column][\/vc_row]<\/p>\n<\/div>","protected":false},"excerpt":{"rendered":"<p>[vc_row full_width=&#8220;stretch_row_content_no_spaces&#8220;][vc_column][rev_slider_vc alias=&#8220;crnogorski&#8220;][\/vc_column][\/vc_row][vc_section full_width=&#8220;stretch_row&#8220; css=&#8220;.vc_custom_1492058793914{background-position: 0 0 !important;background-repeat: no-repeat !important;}&#8220;][vc_row full_width=&#8220;stretch_row_content_no_spaces&#8220; css=&#8220;.vc_custom_1492164963798{margin-top: -35px !important;}&#8220;][vc_column offset=&#8220;vc_col-lg-4 vc_col-md-4&#8243; css=&#8220;.vc_custom_1497433854536{padding-top: 80px !important;padding-right: 70px !important;padding-bottom: 95px !important;padding-left: 70px !important;background-position: 0 0 !important;background-repeat: no-repeat !important;}&#8220;][fleurdesel_heading title_size=&#8220;Default&#8220; align=&#8220;center&#8220; title=&#8220;Na\u0161u pri\u010du&#8220; subtitle=&#8220;SAZNAJTE&#8220; css=&#8220;.vc_custom_1568231675742{margin-bottom: 55px !important;}&#8220;][vc_column_text css=&#8220;.vc_custom_1568840638069{margin-bottom: 40px !important;}&#8220;] Sagradiv\u0161i hotel WGrand nastavili smo porodi\u0107nu tradiciju na\u0161ih roditelja koji su se bavili ugostiteljstvom [&hellip;]<\/p>\n","protected":false},"author":1,"featured_media":0,"parent":0,"menu_order":0,"comment_status":"closed","ping_status":"closed","template":"templates\/page-builder.php","meta":{"_monsterinsights_skip_tracking":false,"_monsterinsights_sitenote_active":false,"_monsterinsights_sitenote_note":"","_monsterinsights_sitenote_category":0,"footnotes":""},"class_list":["post-1805","page","type-page","status-publish","hentry"],"_links":{"self":[{"href":"https:\/\/www.wgrandpetrovac.me\/sr\/wp-json\/wp\/v2\/pages\/1805\/"}],"collection":[{"href":"https:\/\/www.wgrandpetrovac.me\/sr\/wp-json\/wp\/v2\/pages\/"}],"about":[{"href":"https:\/\/www.wgrandpetrovac.me\/sr\/wp-json\/wp\/v2\/types\/page\/"}],"author":[{"embeddable":true,"href":"https:\/\/www.wgrandpetrovac.me\/sr\/wp-json\/wp\/v2\/users\/1\/"}],"replies":[{"embeddable":true,"href":"https:\/\/www.wgrandpetrovac.me\/sr\/wp-json\/wp\/v2\/comments\/?post=1805"}],"version-history":[{"count":24,"href":"https:\/\/www.wgrandpetrovac.me\/sr\/wp-json\/wp\/v2\/pages\/1805\/revisions\/"}],"predecessor-version":[{"id":2140,"href":"https:\/\/www.wgrandpetrovac.me\/sr\/wp-json\/wp\/v2\/pages\/1805\/revisions\/2140\/"}],"wp:attachment":[{"href":"https:\/\/www.wgrandpetrovac.me\/sr\/wp-json\/wp\/v2\/media\/?parent=1805"}],"curies":[{"name":"wp","href":"https:\/\/api.w.org\/{rel}","templated":true}]}}