{"id":1846,"date":"2019-09-12T18:55:26","date_gmt":"2019-09-12T18:55:26","guid":{"rendered":"https:\/\/www.wgrandpetrovac.me\/?page_id=1846"},"modified":"2019-09-18T21:30:32","modified_gmt":"2019-09-18T21:30:32","slug":"o-nama","status":"publish","type":"page","link":"https:\/\/www.wgrandpetrovac.me\/sr\/o-nama\/","title":{"rendered":"O nama"},"content":{"rendered":"<div class=\"wpb-content-wrapper\"><p>[vc_section full_width=&#8220;stretch_row&#8220; css=&#8220;.vc_custom_1567368289043{padding-bottom: 150px !important;background-image: url(https:\/\/www.wgrandpetrovac.me\/wp-content\/uploads\/2019\/09\/bw-main.jpg?id=1569) !important;background-position: center !important;background-repeat: no-repeat !important;background-size: contain !important;}&#8220;][vc_row css=&#8220;.vc_custom_1499766293424{margin-top: 120px !important;padding-bottom: 70px !important;}&#8220;][vc_column offset=&#8220;vc_col-lg-offset-2 vc_col-lg-8 vc_col-md-offset-2 vc_col-md-8&#8243;][fleurdesel_heading title_size=&#8220;40&#8243; align=&#8220;center&#8220; title=&#8220;U\u010dinje\u0107emo da se osje\u0107ate kao kod ku\u0107e&#8220; subtitle=&#8220;HOTEL WGRAND&#8220;][\/vc_column][\/vc_row][vc_row][vc_column offset=&#8220;vc_col-lg-offset-1 vc_col-lg-4 vc_col-md-offset-1 vc_col-md-4&#8243;][vc_column_text]<\/p>\n<div style=\"line-height: 1.875;\">\n<p>Sagradiv\u0161i hotel WGrand nastavili smo porodi\u010dnu tradiciju na\u0161ih roditelja koji su se bavili ugostiteljstvom od 70-tih godina pro\u0161log vijeka.<\/p>\n<p>Hotel je u porodi\u010dnom vlasni\u0161tvu i kompanija koja je prepoznatljiva kao uspje\u0161an i pouzdan partner sa nizom nagrada i nosilac je niza sertifikata.<br \/>\nAko \u017eelite miran i ugodan odmor u doma\u0107inskoj atmosferi po pristupacnim cijenama na\u0161ih usluga provedite Va\u0161 odmor u WGrand-u.<\/p>\n<p>Bi\u0107e nam zadovoljstvo da Vas ugostimo.<\/p>\n<\/div>\n<p>[\/vc_column_text][\/vc_column][vc_column offset=&#8220;vc_col-lg-1 vc_col-md-1&#8243; css=&#8220;.vc_custom_1491303483711{border-right-width: 1px !important;padding-bottom: 250px !important;border-right-color: #b98036 !important;border-right-style: solid !important;border-radius: 1px !important;}&#8220;][\/vc_column][vc_column offset=&#8220;vc_col-lg-1 vc_col-md-1&#8243;][\/vc_column][vc_column offset=&#8220;vc_col-lg-4 vc_col-md-4&#8243;][vc_column_text]<\/p>\n<div style=\"line-height: 1.875;\">\n<p>Hotel WGrand\u00a0 nalazi se na \u00a0350 metara od petrova\u010dke gradske pla\u017ee, odakle se pru\u017ea pogled na more, tvr\u0111avu Lazaret i guste borove \u0161ume. Hotel posjeduje 50 soba: standard dvokrevetne, trokrevetne kao i studio apartmane.<\/p>\n<p>Na poslednjem spratu hotela nalaze se restoran, lounge bar, terasa sa le\u017ealjkama za sun\u010danje, salon za masa\u017eu, teretana i konferencijska sala. Hotel posjeduje parking. Recepcija je otvorena 24 sata. Gosti koji imaju kasni transfer mogu ostaviti svoje stvari u prostoriji za prtljag i koristiti prostoriju\u00a0 za presvla\u010denje. Organizujemo za svoje goste transfere i izlete.<\/p>\n<\/div>\n<p>[\/vc_column_text][\/vc_column][\/vc_row][\/vc_section][vc_row equal_height=&#8220;yes&#8220; css=&#8220;.vc_custom_1568755181040{padding-bottom: 150px !important;}&#8220;][vc_column width=&#8220;1\/3&#8243;][vc_single_image image=&#8220;2031&#8243; img_size=&#8220;full&#8220; css_animation=&#8220;none&#8220;][\/vc_column][vc_column width=&#8220;1\/3&#8243;][vc_single_image image=&#8220;2057&#8243; img_size=&#8220;large&#8220;][\/vc_column][vc_column width=&#8220;1\/3&#8243;][vc_single_image image=&#8220;2059&#8243; img_size=&#8220;large&#8220;][\/vc_column][\/vc_row][vc_row css=&#8220;.vc_custom_1491366338111{padding-bottom: 140px !important;}&#8220;][vc_column el_class=&#8220;show-arrows&#8220;][vc_custom_heading text=&#8220;Na\u0161e nagrade i sertifikati&#8220; font_container=&#8220;tag:h2|text_align:center&#8220; use_theme_fonts=&#8220;yes&#8220; css=&#8220;.vc_custom_1568314520387{margin-bottom: 50px !important;}&#8220;][fleurdesel_clients _slick_arrows=&#8220;1&#8243; _slick_draggable=&#8220;1&#8243; clients=&#8220;%5B%7B%22image%22%3A%221593%22%2C%22name%22%3A%22Certificate%20of%20excellence%202017%22%7D%2C%7B%22image%22%3A%221594%22%2C%22name%22%3A%22Certificate%20of%20excellence%202018%22%7D%2C%7B%22image%22%3A%221595%22%2C%22name%22%3A%22Global%20quality%20award%202019%22%7D%2C%7B%22image%22%3A%221592%22%2C%22name%22%3A%22100%20najboljih%20u%20Crnoj%20Gori%22%7D%5D&#8220; _slick_breakpoints=&#8220;lg:4|md:4|sm:2|xs:1&#8243; el_class=&#8220;fleurdesel-slick-modern&#8220;][\/vc_column][\/vc_row][vc_row disable_element=&#8220;yes&#8220; css=&#8220;.vc_custom_1567369095392{padding-bottom: 140px !important;}&#8220;][vc_column el_class=&#8220;show-arrows&#8220;][fleurdesel_clients _slick_arrows=&#8220;1&#8243; _slick_draggable=&#8220;1&#8243; clients=&#8220;%5B%7B%22image%22%3A%22512%22%2C%22name%22%3A%22AweThemes%22%2C%22link%22%3A%22http%3A%2F%2Fawethemes.com%2F%22%7D%2C%7B%22image%22%3A%22511%22%2C%22name%22%3A%22AweThemes%22%2C%22link%22%3A%22http%3A%2F%2Fawethemes.com%2F%22%7D%2C%7B%22image%22%3A%22508%22%2C%22name%22%3A%22AweThemes%22%2C%22link%22%3A%22http%3A%2F%2Fawethemes.com%2F%22%7D%2C%7B%22image%22%3A%22510%22%2C%22name%22%3A%22AweThemes%22%2C%22link%22%3A%22http%3A%2F%2Fawethemes.com%2F%22%7D%2C%7B%22image%22%3A%22509%22%2C%22name%22%3A%22AweThemes%22%2C%22link%22%3A%22http%3A%2F%2Fawethemes.com%2F%22%7D%2C%7B%22image%22%3A%22507%22%2C%22name%22%3A%22AweThemes%22%2C%22link%22%3A%22http%3A%2F%2Fawethemes.com%2F%22%7D%2C%7B%22image%22%3A%22506%22%2C%22name%22%3A%22AweThemes%22%2C%22link%22%3A%22http%3A%2F%2Fawethemes.com%2F%22%7D%5D&#8220; _slick_breakpoints=&#8220;lg:5|md:5|sm:2|xs:1&#8243; el_class=&#8220;fleurdesel-slick-modern&#8220;][\/vc_column][\/vc_row][vc_row full_width=&#8220;stretch_row&#8220; disable_element=&#8220;yes&#8220; enable_overlay=&#8220;yes&#8220; css=&#8220;.vc_custom_1567368902582{margin-bottom: 150px !important;padding-top: 100px !important;padding-bottom: 100px !important;background-image: url(https:\/\/www.wgrandpetrovac.me\/wp-content\/uploads\/2019\/08\/wgrand-contact-header.jpg?id=1420) !important;}&#8220; overlay_color=&#8220;rgba(0,0,0,0.2)&#8220;][vc_column width=&#8220;1\/4&#8243; offset=&#8220;vc_col-lg-3 vc_col-md-3&#8243;][fleurdesel_animated_number show_x_icon=&#8220;true&#8220; number=&#8220;50&#8243; text=&#8220;ROOMS&#8220; color=&#8220;#ffffff&#8220;][\/vc_column][vc_column width=&#8220;1\/4&#8243; offset=&#8220;vc_col-lg-3 vc_col-md-3&#8243;][fleurdesel_animated_number show_x_icon=&#8220;true&#8220; number=&#8220;365&#8243; text=&#8220;WE ARE OPEN&#8220; color=&#8220;#ffffff&#8220;][\/vc_column][vc_column width=&#8220;1\/4&#8243; offset=&#8220;vc_col-lg-3 vc_col-md-3&#8243;][fleurdesel_animated_number show_x_icon=&#8220;true&#8220; number=&#8220;350&#8243; text=&#8220;M FROM THE SEA&#8220; color=&#8220;#ffffff&#8220;][\/vc_column][vc_column width=&#8220;1\/4&#8243;][fleurdesel_animated_number show_x_icon=&#8220;true&#8220; number=&#8220;350&#8243; text=&#8220;M FROM THE SEA&#8220; color=&#8220;#ffffff&#8220;][\/vc_column][\/vc_row]<\/p>\n<\/div>","protected":false},"excerpt":{"rendered":"<p>[vc_section full_width=&#8220;stretch_row&#8220; css=&#8220;.vc_custom_1567368289043{padding-bottom: 150px !important;background-image: url(https:\/\/www.wgrandpetrovac.me\/wp-content\/uploads\/2019\/09\/bw-main.jpg?id=1569) !important;background-position: center !important;background-repeat: no-repeat !important;background-size: contain !important;}&#8220;][vc_row css=&#8220;.vc_custom_1499766293424{margin-top: 120px !important;padding-bottom: 70px !important;}&#8220;][vc_column offset=&#8220;vc_col-lg-offset-2 vc_col-lg-8 vc_col-md-offset-2 vc_col-md-8&#8243;][fleurdesel_heading title_size=&#8220;40&#8243; align=&#8220;center&#8220; title=&#8220;U\u010dinje\u0107emo da se osje\u0107ate kao kod ku\u0107e&#8220; subtitle=&#8220;HOTEL WGRAND&#8220;][\/vc_column][\/vc_row][vc_row][vc_column offset=&#8220;vc_col-lg-offset-1 vc_col-lg-4 vc_col-md-offset-1 vc_col-md-4&#8243;][vc_column_text] Sagradiv\u0161i hotel WGrand nastavili smo porodi\u010dnu tradiciju na\u0161ih roditelja koji su se bavili ugostiteljstvom od 70-tih godina pro\u0161log [&hellip;]<\/p>\n","protected":false},"author":1,"featured_media":0,"parent":0,"menu_order":0,"comment_status":"closed","ping_status":"closed","template":"templates\/page-builder.php","meta":{"_monsterinsights_skip_tracking":false,"_monsterinsights_sitenote_active":false,"_monsterinsights_sitenote_note":"","_monsterinsights_sitenote_category":0,"footnotes":""},"class_list":["post-1846","page","type-page","status-publish","hentry"],"_links":{"self":[{"href":"https:\/\/www.wgrandpetrovac.me\/sr\/wp-json\/wp\/v2\/pages\/1846\/"}],"collection":[{"href":"https:\/\/www.wgrandpetrovac.me\/sr\/wp-json\/wp\/v2\/pages\/"}],"about":[{"href":"https:\/\/www.wgrandpetrovac.me\/sr\/wp-json\/wp\/v2\/types\/page\/"}],"author":[{"embeddable":true,"href":"https:\/\/www.wgrandpetrovac.me\/sr\/wp-json\/wp\/v2\/users\/1\/"}],"replies":[{"embeddable":true,"href":"https:\/\/www.wgrandpetrovac.me\/sr\/wp-json\/wp\/v2\/comments\/?post=1846"}],"version-history":[{"count":8,"href":"https:\/\/www.wgrandpetrovac.me\/sr\/wp-json\/wp\/v2\/pages\/1846\/revisions\/"}],"predecessor-version":[{"id":2079,"href":"https:\/\/www.wgrandpetrovac.me\/sr\/wp-json\/wp\/v2\/pages\/1846\/revisions\/2079\/"}],"wp:attachment":[{"href":"https:\/\/www.wgrandpetrovac.me\/sr\/wp-json\/wp\/v2\/media\/?parent=1846"}],"curies":[{"name":"wp","href":"https:\/\/api.w.org\/{rel}","templated":true}]}}