{"id":1878,"date":"2019-09-12T19:34:48","date_gmt":"2019-09-12T19:34:48","guid":{"rendered":"https:\/\/www.wgrandpetrovac.me\/?page_id=1878"},"modified":"2019-10-15T20:37:13","modified_gmt":"2019-10-15T20:37:13","slug":"petrovac","status":"publish","type":"page","link":"https:\/\/www.wgrandpetrovac.me\/sr\/petrovac\/","title":{"rendered":"Petrovac"},"content":{"rendered":"<div class=\"wpb-content-wrapper\"><p>[vc_row][vc_column offset=&#8220;vc_col-lg-offset-2 vc_col-lg-8 vc_col-md-offset-2 vc_col-md-8&#8243;][fleurdesel_heading title_size=&#8220;Default&#8220; align=&#8220;center&#8220; title=&#8220;Petrovcu&#8220; subtitle=&#8220;U\u017dIVAJTE U&#8220; css=&#8220;.vc_custom_1571171831056{margin-bottom: 40px !important;padding-top: 100px !important;}&#8220;][\/vc_column][\/vc_row][vc_row css=&#8220;.vc_custom_1567455691223{padding-bottom: 30px !important;}&#8220;][vc_column][fleurdesel_fullscreen_slider sliders=&#8220;%5B%7B%22image%22%3A%221677%22%7D%2C%7B%22image%22%3A%221678%22%7D%2C%7B%22image%22%3A%221679%22%7D%2C%7B%22image%22%3A%221680%22%7D%5D&#8220;][\/vc_column][\/vc_row][vc_row css=&#8220;.vc_custom_1491215365578{margin-bottom: 140px !important;}&#8220;][vc_column offset=&#8220;vc_col-lg-offset-1 vc_col-lg-10 vc_col-md-offset-1 vc_col-md-10&#8243;][vc_column_text]<\/p>\n<p style=\"text-align: center;\">Petrovac je gradi\u0107 sa bogatom i interesantnom istorijom, ranije se zvao <strong>Castel Lastva<\/strong>.<\/p>\n<p style=\"text-align: center;\">Poznat po Rimskim mozaicima iz 3 vijeka.<\/p>\n<p style=\"text-align: center;\">Gradi\u0107 na obali mora okru\u017een gustim borovim \u0161umama, maslinjacima, \u010distoj plavoj vodi, \u0161ljunkovitim pla\u017eama \u00a0i idealno mjesto za miran odmor.<\/p>\n<p style=\"text-align: center;\"><strong>Ostrva Kati\u0107 i Sveta Nedjela<\/strong> daju posebnu ljepotu ovom mjestu. U blizini su\u00a0 i pla\u017ee <strong>Lu\u010dice,Buljarice i Perazi\u0107a Do.<\/strong><\/p>\n<p>[\/vc_column_text][\/vc_column][\/vc_row]<\/p>\n<\/div>","protected":false},"excerpt":{"rendered":"<p>[vc_row][vc_column offset=&#8220;vc_col-lg-offset-2 vc_col-lg-8 vc_col-md-offset-2 vc_col-md-8&#8243;][fleurdesel_heading title_size=&#8220;Default&#8220; align=&#8220;center&#8220; title=&#8220;Petrovcu&#8220; subtitle=&#8220;U\u017dIVAJTE U&#8220; css=&#8220;.vc_custom_1571171831056{margin-bottom: 40px !important;padding-top: 100px !important;}&#8220;][\/vc_column][\/vc_row][vc_row css=&#8220;.vc_custom_1567455691223{padding-bottom: 30px !important;}&#8220;][vc_column][fleurdesel_fullscreen_slider sliders=&#8220;%5B%7B%22image%22%3A%221677%22%7D%2C%7B%22image%22%3A%221678%22%7D%2C%7B%22image%22%3A%221679%22%7D%2C%7B%22image%22%3A%221680%22%7D%5D&#8220;][\/vc_column][\/vc_row][vc_row css=&#8220;.vc_custom_1491215365578{margin-bottom: 140px !important;}&#8220;][vc_column offset=&#8220;vc_col-lg-offset-1 vc_col-lg-10 vc_col-md-offset-1 vc_col-md-10&#8243;][vc_column_text] Petrovac je gradi\u0107 sa bogatom i interesantnom istorijom, ranije se zvao Castel Lastva. Poznat po Rimskim mozaicima iz 3 vijeka. Gradi\u0107 na obali mora okru\u017een gustim borovim \u0161umama, maslinjacima, [&hellip;]<\/p>\n","protected":false},"author":1,"featured_media":1677,"parent":0,"menu_order":0,"comment_status":"closed","ping_status":"closed","template":"templates\/page-builder.php","meta":{"_monsterinsights_skip_tracking":false,"_monsterinsights_sitenote_active":false,"_monsterinsights_sitenote_note":"","_monsterinsights_sitenote_category":0,"footnotes":""},"class_list":["post-1878","page","type-page","status-publish","has-post-thumbnail","hentry"],"_links":{"self":[{"href":"https:\/\/www.wgrandpetrovac.me\/sr\/wp-json\/wp\/v2\/pages\/1878\/"}],"collection":[{"href":"https:\/\/www.wgrandpetrovac.me\/sr\/wp-json\/wp\/v2\/pages\/"}],"about":[{"href":"https:\/\/www.wgrandpetrovac.me\/sr\/wp-json\/wp\/v2\/types\/page\/"}],"author":[{"embeddable":true,"href":"https:\/\/www.wgrandpetrovac.me\/sr\/wp-json\/wp\/v2\/users\/1\/"}],"replies":[{"embeddable":true,"href":"https:\/\/www.wgrandpetrovac.me\/sr\/wp-json\/wp\/v2\/comments\/?post=1878"}],"version-history":[{"count":6,"href":"https:\/\/www.wgrandpetrovac.me\/sr\/wp-json\/wp\/v2\/pages\/1878\/revisions\/"}],"predecessor-version":[{"id":2089,"href":"https:\/\/www.wgrandpetrovac.me\/sr\/wp-json\/wp\/v2\/pages\/1878\/revisions\/2089\/"}],"wp:featuredmedia":[{"embeddable":true,"href":"https:\/\/www.wgrandpetrovac.me\/sr\/wp-json\/wp\/v2\/media\/1677\/"}],"wp:attachment":[{"href":"https:\/\/www.wgrandpetrovac.me\/sr\/wp-json\/wp\/v2\/media\/?parent=1878"}],"curies":[{"name":"wp","href":"https:\/\/api.w.org\/{rel}","templated":true}]}}