{"id":1883,"date":"2019-09-12T19:38:49","date_gmt":"2019-09-12T19:38:49","guid":{"rendered":"https:\/\/www.wgrandpetrovac.me\/?page_id=1883"},"modified":"2019-12-15T20:39:14","modified_gmt":"2019-12-15T20:39:14","slug":"cjenovnik","status":"publish","type":"page","link":"https:\/\/www.wgrandpetrovac.me\/sr\/cjenovnik\/","title":{"rendered":"Cjenovnik"},"content":{"rendered":"<div class=\"wpb-content-wrapper\"><p>[vc_row 0=&#8220;&#8220;][vc_column offset=&#8220;vc_col-lg-offset-2 vc_col-lg-8 vc_col-md-offset-2 vc_col-md-8&#8243;][fleurdesel_heading title_size=&#8220;Default&#8220; align=&#8220;center&#8220; title=&#8220;Cjenovnik&#8220; subtitle=&#8220;POGLEDAJTE NA\u0160&#8220; css=&#8220;.vc_custom_1568317270501{margin-bottom: 40px !important;padding-top: 100px !important;}&#8220;][\/vc_column][\/vc_row][vc_row css=&#8220;.vc_custom_1567632407341{margin-bottom: 50px !important;}&#8220;][vc_column offset=&#8220;vc_col-lg-offset-1 vc_col-lg-10 vc_col-md-offset-1 vc_col-md-10&#8243;][vc_column_text 0=&#8220;&#8220;]<\/p>\n<table style=\"height: 170px;\" width=\"447\">\n<tbody>\n<tr>\n<td style=\"text-align: center;\" width=\"207\"><\/td>\n<td style=\"text-align: center;\" width=\"206\">BB<\/td>\n<td style=\"text-align: center;\" width=\"206\">HB<\/td>\n<\/tr>\n<tr>\n<td width=\"207\">01.04 &#8211; 31.05<\/td>\n<td style=\"text-align: center;\" width=\"206\">28\u20ac<\/td>\n<td style=\"text-align: center;\" width=\"206\">34\u20ac<\/td>\n<\/tr>\n<tr>\n<td width=\"207\">01.06 &#8211; 10.07<\/td>\n<td style=\"text-align: center;\" width=\"206\">34\u20ac<\/td>\n<td style=\"text-align: center;\" width=\"206\">42\u20ac<\/td>\n<\/tr>\n<tr>\n<td width=\"207\">11.07\u00a0 &#8211; 31.08<\/td>\n<td style=\"text-align: center;\" width=\"206\">41\u20ac<\/td>\n<td style=\"text-align: center;\" width=\"206\">49\u20ac<\/td>\n<\/tr>\n<tr>\n<td width=\"207\">01.09 &#8211;\u00a0 30.09<\/td>\n<td style=\"text-align: center;\" width=\"206\">34\u20ac<\/td>\n<td style=\"text-align: center;\" width=\"206\">42\u20ac<\/td>\n<\/tr>\n<tr>\n<td width=\"207\">01.10 &#8211;\u00a0 31.10<\/td>\n<td style=\"text-align: center;\" width=\"206\">28\u20ac<\/td>\n<td style=\"text-align: center;\" width=\"206\">34\u20ac<\/td>\n<\/tr>\n<\/tbody>\n<\/table>\n<p>[\/vc_column_text][\/vc_column][\/vc_row][vc_row css=&#8220;.vc_custom_1491215365578{margin-bottom: 140px !important;}&#8220;][vc_column offset=&#8220;vc_col-lg-offset-1 vc_col-lg-10 vc_col-md-offset-1 vc_col-md-10&#8243;][vc_column_text 0=&#8220;&#8220;]<\/p>\n<h4><strong>POPUSTI<\/strong><\/h4>\n<p>Za rani buking i avansno placanje do <strong>30.04.20<\/strong>\u00a0 <strong>dodatni popust od 10 %<br \/>\n<\/strong><\/p>\n<p>Za boravak od 14 dana\u00a0\u00a0\u00a0\u00a0\u00a0\u00a0\u00a0\u00a0\u00a0\u00a0\u00a0\u00a0\u00a0\u00a0\u00a0\u00a0\u00a0\u00a0\u00a0\u00a0\u00a0\u00a0\u00a0\u00a0\u00a0\u00a0 <strong>1\u00a0 dan gratis<br \/>\n<\/strong>Za boravak od 21 dan\u00a0\u00a0\u00a0\u00a0\u00a0\u00a0\u00a0\u00a0\u00a0\u00a0\u00a0\u00a0\u00a0\u00a0\u00a0\u00a0\u00a0\u00a0\u00a0\u00a0\u00a0\u00a0\u00a0 \u00a0\u00a0\u00a0\u00a0\u00a0<strong>2\u00a0 dana gratis<\/strong><\/p>\n<h4><strong>OSTALI USLOVI<\/strong><\/h4>\n<p>Cijene su po osobi po danu<\/p>\n<p>Doplata za jednokrevetnu sobu 50%<br \/>\nDjeca\u00a0 do 4 god. borave besplatno<br \/>\nDjeca od 4 do 12 god. ukoliko koriste zajedni\u010dki le\u017eaj pla\u0107aju 50% cijene<br \/>\nDjeca od 4 do 12 god. ukoliko koriste poseban le\u017eaj pla\u0107aju 70% cijene<br \/>\nBoravi\u0161na taksa \u00a0za odrasle iznosi 1 eu dnevno po osobi<br \/>\nOsiguranje za odrasle iznosi 0,50 eu dnevno po osobi<br \/>\nBoravi\u0161nu taksu ne pla\u0107aju djeca do 12 god.<br \/>\nBoravi\u0161nu taksu djeca od 12-18 god. pla\u0107aju 50% cijene<br \/>\nKrevetac za djecu je gratis<\/p>\n<p><strong>PLA\u0106ANJE , REZERVACIJA I OTKAZNI ROK<\/strong><\/p>\n<p>Sobe se izdaju u zavisnosti od raspolo\u017eivosti kapaciteta hotela.<br \/>\nKasni dolasci i odlasci su mogu\u0107i uz prethodnu najavu.<br \/>\nPrijava gosta: od 12:00<br \/>\nOdjava gosta: do 10:00<br \/>\nKu\u0107ni ljubimci nijesu dozvoljeni.<br \/>\nUplata avansa je neophodna, prilikom potvrde rezervacije &#8211; uplata avansa 50%, ostatak prije ili na dan dolaska gosta.<br \/>\nUplata avansa je mogu\u0107a kreditnim karticama Visa, Maestro, Master i American i bankovnim transferom na nas ra\u010dun.<br \/>\nOtkaz se mora dostaviti u pisanoj formi, putem e-maila, faxom ili pismom.<br \/>\nOtkaz dostavljen 7 dana prije dolaska gosta u predsezoni i 14 dana u glavnoj sezoni ne\u0107e povla\u010diti bilo kakve kaznene sankcije i naplatu.<br \/>\nOtkaz dostavljen manje od 7 dana u predsezoni i 14 dana u glavnoj sezoni povla\u010di nov\u010danu kaznu od 30% od ukupne cijene boravka i bi\u0107e odbijen od upla\u0107enog depozita.<br \/>\nOtkaz dostavljen dan prije dolaska ili na dan dolaska ili ukoliko se gost ne pojavi povla\u010di nov\u010danu kaznu od 100% od ukupne cijene boravka.<br \/>\nU slu\u010daju posebnih prirodnih okolnosti ili li\u010dnih okolnosti gosta, otkazna politika se ne mora primijeniti ili ne mora u potpunosti primijeniti. O neprimjenjivanju otkazne politike odlu\u010duje menad\u017eer hotela i izvr\u0161ni direktor.<\/p>\n<p>Stalnim gostima i VIP gostima menad\u017eer hotela i izvr\u0161ni direktor mogu odobriti posebne cijene i popuste.[\/vc_column_text][\/vc_column][\/vc_row]<\/p>\n<\/div>","protected":false},"excerpt":{"rendered":"<p>[vc_row 0=&#8220;&#8220;][vc_column offset=&#8220;vc_col-lg-offset-2 vc_col-lg-8 vc_col-md-offset-2 vc_col-md-8&#8243;][fleurdesel_heading title_size=&#8220;Default&#8220; align=&#8220;center&#8220; title=&#8220;Cjenovnik&#8220; subtitle=&#8220;POGLEDAJTE NA\u0160&#8220; css=&#8220;.vc_custom_1568317270501{margin-bottom: 40px !important;padding-top: 100px !important;}&#8220;][\/vc_column][\/vc_row][vc_row css=&#8220;.vc_custom_1567632407341{margin-bottom: 50px !important;}&#8220;][vc_column offset=&#8220;vc_col-lg-offset-1 vc_col-lg-10 vc_col-md-offset-1 vc_col-md-10&#8243;][vc_column_text 0=&#8220;&#8220;] BB HB 01.04 &#8211; 31.05 28\u20ac 34\u20ac 01.06 &#8211; 10.07 34\u20ac 42\u20ac 11.07\u00a0 &#8211; 31.08 41\u20ac 49\u20ac 01.09 &#8211;\u00a0 30.09 34\u20ac 42\u20ac 01.10 &#8211;\u00a0 31.10 28\u20ac 34\u20ac [\/vc_column_text][\/vc_column][\/vc_row][vc_row css=&#8220;.vc_custom_1491215365578{margin-bottom: 140px !important;}&#8220;][vc_column [&hellip;]<\/p>\n","protected":false},"author":1,"featured_media":0,"parent":0,"menu_order":0,"comment_status":"closed","ping_status":"closed","template":"templates\/page-builder.php","meta":{"_monsterinsights_skip_tracking":false,"_monsterinsights_sitenote_active":false,"_monsterinsights_sitenote_note":"","_monsterinsights_sitenote_category":0,"footnotes":""},"class_list":["post-1883","page","type-page","status-publish","hentry"],"_links":{"self":[{"href":"https:\/\/www.wgrandpetrovac.me\/sr\/wp-json\/wp\/v2\/pages\/1883\/"}],"collection":[{"href":"https:\/\/www.wgrandpetrovac.me\/sr\/wp-json\/wp\/v2\/pages\/"}],"about":[{"href":"https:\/\/www.wgrandpetrovac.me\/sr\/wp-json\/wp\/v2\/types\/page\/"}],"author":[{"embeddable":true,"href":"https:\/\/www.wgrandpetrovac.me\/sr\/wp-json\/wp\/v2\/users\/1\/"}],"replies":[{"embeddable":true,"href":"https:\/\/www.wgrandpetrovac.me\/sr\/wp-json\/wp\/v2\/comments\/?post=1883"}],"version-history":[{"count":6,"href":"https:\/\/www.wgrandpetrovac.me\/sr\/wp-json\/wp\/v2\/pages\/1883\/revisions\/"}],"predecessor-version":[{"id":2093,"href":"https:\/\/www.wgrandpetrovac.me\/sr\/wp-json\/wp\/v2\/pages\/1883\/revisions\/2093\/"}],"wp:attachment":[{"href":"https:\/\/www.wgrandpetrovac.me\/sr\/wp-json\/wp\/v2\/media\/?parent=1883"}],"curies":[{"name":"wp","href":"https:\/\/api.w.org\/{rel}","templated":true}]}}