{"id":1888,"date":"2019-09-12T19:54:38","date_gmt":"2019-09-12T19:54:38","guid":{"rendered":"https:\/\/www.wgrandpetrovac.me\/?page_id=1888"},"modified":"2019-09-18T21:39:04","modified_gmt":"2019-09-18T21:39:04","slug":"rezervacije","status":"publish","type":"page","link":"https:\/\/www.wgrandpetrovac.me\/sr\/rezervacije\/","title":{"rendered":"Rezervacije"},"content":{"rendered":"<div class=\"wpb-content-wrapper\"><p>[vc_section full_width=&#8220;stretch_row&#8220; css=&#8220;.vc_custom_1568052797611{padding-bottom: 150px !important;background-position: center !important;background-repeat: no-repeat !important;background-size: contain !important;}&#8220;][vc_row css=&#8220;.vc_custom_1499766293424{margin-top: 120px !important;padding-bottom: 70px !important;}&#8220;][vc_column offset=&#8220;vc_col-lg-offset-2 vc_col-lg-8 vc_col-md-offset-2 vc_col-md-8&#8243;][fleurdesel_heading title_size=&#8220;Default&#8220; align=&#8220;center&#8220; title=&#8220;On-line upit&#8220; subtitle=&#8220;PO\u0160ALJITE VA\u0160&#8220;][\/vc_column][\/vc_row][vc_row][vc_column][dhvc_form id=&#8220;1835&#8243;][\/vc_column][\/vc_row][\/vc_section][vc_row css=&#8220;.vc_custom_1491364757121{padding-bottom: 150px !important;}&#8220;][vc_column][vc_column_text]<strong>PLA\u0106ANJE , REZERVACIJA I OTKAZNI ROK<\/strong><\/p>\n<p>Sobe se izdaju u zavisnosti od raspolozivosti kapaciteta hotela.<br \/>\nKasni dolasci i odlasci su moguci uz prethodnu najavu.<br \/>\nPrijava gosta: od 12:00<br \/>\nOdjava gosta: do 10:00<br \/>\nKu\u0107ni ljubimci nijesu dozvoljeni.<br \/>\nUplata avansa je neophodna, prilikom potvrde rezervacije \u2013 uplata avansa 50%, ostatak prije ili na dan dolaska gosta.<br \/>\nUplata avansa je moguca kreditnim karticama Visa, Maestro, Master i American i bankovnim transferom na nas racun.<br \/>\nOtkaz se mora dostaviti u pisanoj formi, putem e-maila, faxom ili pismom.<br \/>\nOtkaz dostavljen 7 dana prije dolaska gosta u predsezoni i 14 dana u glavnoj sezoni ne\u0107e povla\u010diti bilo kakve kaznene sankcije i naplatu.<br \/>\nOtkaz dostavljen manje od 7 dana u predsezoni i 14 dana u glavnoj sezoni povla\u010di nov\u010danu kaznu od 30% od ukupne cijene boravka i bi\u0107e odbijen od upla\u0107enog depozita.<br \/>\nOtkaz dostavljen dan prije dolaska ili na dan dolaska ili ukoliko se gost ne pojavi povla\u010di novcanu kaznu od 100% od ukupne cijene boravka.<br \/>\nU slu\u010daju posebnih prirodnih okolnosti ili licnih okolnosti gosta, otkazna politika se ne mora primijeniti ili ne mora u potpunosti primijeniti. O neprimjenjivanju otkazne politike odlu\u010duje menadzer hotela i izvr\u0161ni direktor.<\/p>\n<p>Stalnim gostima i VIP gostima menad\u017eer hotela i izvr\u0161ni direktor mogu odobriti posebne cijene i popuste,[\/vc_column_text][\/vc_column][\/vc_row]<\/p>\n<\/div>","protected":false},"excerpt":{"rendered":"<p>[vc_section full_width=&#8220;stretch_row&#8220; css=&#8220;.vc_custom_1568052797611{padding-bottom: 150px !important;background-position: center !important;background-repeat: no-repeat !important;background-size: contain !important;}&#8220;][vc_row css=&#8220;.vc_custom_1499766293424{margin-top: 120px !important;padding-bottom: 70px !important;}&#8220;][vc_column offset=&#8220;vc_col-lg-offset-2 vc_col-lg-8 vc_col-md-offset-2 vc_col-md-8&#8243;][fleurdesel_heading title_size=&#8220;Default&#8220; align=&#8220;center&#8220; title=&#8220;On-line upit&#8220; subtitle=&#8220;PO\u0160ALJITE VA\u0160&#8220;][\/vc_column][\/vc_row][vc_row][vc_column][dhvc_form id=&#8220;1835&#8243;][\/vc_column][\/vc_row][\/vc_section][vc_row css=&#8220;.vc_custom_1491364757121{padding-bottom: 150px !important;}&#8220;][vc_column][vc_column_text]PLA\u0106ANJE , REZERVACIJA I OTKAZNI ROK Sobe se izdaju u zavisnosti od raspolozivosti kapaciteta hotela. Kasni dolasci i odlasci su moguci uz prethodnu najavu. Prijava gosta: [&hellip;]<\/p>\n","protected":false},"author":1,"featured_media":0,"parent":0,"menu_order":0,"comment_status":"closed","ping_status":"closed","template":"templates\/page-builder.php","meta":{"_monsterinsights_skip_tracking":false,"_monsterinsights_sitenote_active":false,"_monsterinsights_sitenote_note":"","_monsterinsights_sitenote_category":0,"footnotes":""},"class_list":["post-1888","page","type-page","status-publish","hentry"],"_links":{"self":[{"href":"https:\/\/www.wgrandpetrovac.me\/sr\/wp-json\/wp\/v2\/pages\/1888\/"}],"collection":[{"href":"https:\/\/www.wgrandpetrovac.me\/sr\/wp-json\/wp\/v2\/pages\/"}],"about":[{"href":"https:\/\/www.wgrandpetrovac.me\/sr\/wp-json\/wp\/v2\/types\/page\/"}],"author":[{"embeddable":true,"href":"https:\/\/www.wgrandpetrovac.me\/sr\/wp-json\/wp\/v2\/users\/1\/"}],"replies":[{"embeddable":true,"href":"https:\/\/www.wgrandpetrovac.me\/sr\/wp-json\/wp\/v2\/comments\/?post=1888"}],"version-history":[{"count":5,"href":"https:\/\/www.wgrandpetrovac.me\/sr\/wp-json\/wp\/v2\/pages\/1888\/revisions\/"}],"predecessor-version":[{"id":2085,"href":"https:\/\/www.wgrandpetrovac.me\/sr\/wp-json\/wp\/v2\/pages\/1888\/revisions\/2085\/"}],"wp:attachment":[{"href":"https:\/\/www.wgrandpetrovac.me\/sr\/wp-json\/wp\/v2\/media\/?parent=1888"}],"curies":[{"name":"wp","href":"https:\/\/api.w.org\/{rel}","templated":true}]}}